{"id":34,"date":"2025-02-14T23:46:40","date_gmt":"2025-02-14T23:46:40","guid":{"rendered":"https:\/\/him-management.eu\/?page_id=34"},"modified":"2025-10-05T02:53:07","modified_gmt":"2025-10-05T02:53:07","slug":"elementor-34","status":"publish","type":"page","link":"https:\/\/him-management.eu\/en\/","title":{"rendered":"Accueil"},"content":{"rendered":"<div data-elementor-type=\"wp-page\" data-elementor-id=\"34\" class=\"elementor elementor-34\" data-elementor-post-type=\"page\">\n\t\t\t\t<div class=\"elementor-element elementor-element-98d6e7e e-flex e-con-boxed e-con e-parent\" data-id=\"98d6e7e\" data-element_type=\"container\" data-settings=\"{&quot;background_background&quot;:&quot;classic&quot;}\">\n\t\t\t\t\t<div class=\"e-con-inner\">\n\t\t\t\t<div class=\"elementor-element elementor-element-7960fa1 elementor-widget elementor-widget-heading\" data-id=\"7960fa1\" data-element_type=\"widget\" data-widget_type=\"heading.default\">\n\t\t\t\t<div class=\"elementor-widget-container\">\n\t\t\t\t\t<h1 class=\"elementor-heading-title elementor-size-default\">R\u00e9v\u00e9lez votre talent.<br>\nEcrivez votre h\u00e9ritage.<\/h1>\t\t\t\t<\/div>\n\t\t\t\t<\/div>\n\t\t<div class=\"elementor-element elementor-element-8ba4316 e-con-full e-flex e-con e-child\" data-id=\"8ba4316\" data-element_type=\"container\">\n\t\t\t\t<div class=\"elementor-element elementor-element-5d0bc4c elementor-widget elementor-widget-heading\" data-id=\"5d0bc4c\" data-element_type=\"widget\" data-widget_type=\"heading.default\">\n\t\t\t\t<div class=\"elementor-widget-container\">\n\t\t\t\t\t<h2 class=\"elementor-heading-title elementor-size-default\">Heritage international management<\/h2>\t\t\t\t<\/div>\n\t\t\t\t<\/div>\n\t\t\t\t<\/div>\n\t\t\t\t\t<\/div>\n\t\t\t\t<\/div>\n\t\t<div class=\"elementor-element elementor-element-0d3b27e e-flex e-con-boxed e-con e-parent\" data-id=\"0d3b27e\" data-element_type=\"container\">\n\t\t\t\t\t<div class=\"e-con-inner\">\n\t\t<div class=\"elementor-element elementor-element-b21c2f6 e-con-full e-flex e-con e-child\" data-id=\"b21c2f6\" data-element_type=\"container\" data-settings=\"{&quot;background_background&quot;:&quot;classic&quot;}\">\n\t\t\t\t<div class=\"elementor-element elementor-element-4ae0bef elementor-widget elementor-widget-image\" data-id=\"4ae0bef\" data-element_type=\"widget\" data-widget_type=\"image.default\">\n\t\t\t\t<div class=\"elementor-widget-container\">\n\t\t\t\t\t\t\t\t\t\t\t\t\t\t\t<img fetchpriority=\"high\" decoding=\"async\" width=\"800\" height=\"800\" src=\"https:\/\/him-management.eu\/wp-content\/uploads\/2025\/02\/LOGO-HIM.png\" class=\"attachment-large size-large wp-image-10\" alt=\"\" srcset=\"https:\/\/him-management.eu\/wp-content\/uploads\/2025\/02\/LOGO-HIM.png 1000w, https:\/\/him-management.eu\/wp-content\/uploads\/2025\/02\/LOGO-HIM-300x300.png 300w, https:\/\/him-management.eu\/wp-content\/uploads\/2025\/02\/LOGO-HIM-150x150.png 150w, https:\/\/him-management.eu\/wp-content\/uploads\/2025\/02\/LOGO-HIM-768x768.png 768w\" sizes=\"(max-width: 800px) 100vw, 800px\" \/>\t\t\t\t\t\t\t\t\t\t\t\t\t\t\t<\/div>\n\t\t\t\t<\/div>\n\t\t\t\t<\/div>\n\t\t<div class=\"elementor-element elementor-element-e810e6a e-con-full e-flex e-con e-child\" data-id=\"e810e6a\" data-element_type=\"container\">\n\t\t<div class=\"elementor-element elementor-element-be767bc e-con-full e-flex e-con e-child\" data-id=\"be767bc\" data-element_type=\"container\">\n\t\t\t\t<div class=\"elementor-element elementor-element-7bfa3b5 elementor-widget elementor-widget-heading\" data-id=\"7bfa3b5\" data-element_type=\"widget\" data-widget_type=\"heading.default\">\n\t\t\t\t<div class=\"elementor-widget-container\">\n\t\t\t\t\t<h2 class=\"elementor-heading-title elementor-size-default\">H\u00e9ritage International Management, r\u00e9v\u00e9lateur de talents du football<\/h2>\t\t\t\t<\/div>\n\t\t\t\t<\/div>\n\t\t\t\t<div class=\"elementor-element elementor-element-c99b813 elementor-widget-divider--view-line elementor-widget elementor-widget-divider\" data-id=\"c99b813\" data-element_type=\"widget\" data-widget_type=\"divider.default\">\n\t\t\t\t<div class=\"elementor-widget-container\">\n\t\t\t\t\t\t\t<div class=\"elementor-divider\">\n\t\t\t<span class=\"elementor-divider-separator\">\n\t\t\t\t\t\t<\/span>\n\t\t<\/div>\n\t\t\t\t\t\t<\/div>\n\t\t\t\t<\/div>\n\t\t\t\t<div class=\"elementor-element elementor-element-b865e6b elementor-widget elementor-widget-text-editor\" data-id=\"b865e6b\" data-element_type=\"widget\" data-widget_type=\"text-editor.default\">\n\t\t\t\t<div class=\"elementor-widget-container\">\n\t\t\t\t\t\t\t\t\t<p>Chez <strong>H\u00e9ritage International Management<\/strong>, chaque joueur b\u00e9n\u00e9ficie d\u2019un accompagnement sur-mesure pour d\u00e9velopper son potentiel et r\u00e9ussir sa carri\u00e8re. Gr\u00e2ce \u00e0 notre r\u00e9seau international de clubs, partenaires et experts du football, nous assurons un d\u00e9veloppement adapt\u00e9 \u00e0 chaque profil, \u00e0 son potentiel et \u00e0 ses ambitions.<\/p><p>De la pr\u00e9paration sportive \u00e0 la gestion de l\u2019image, notre approche globale garantit une prise en charge compl\u00e8te, \u00e0 la hauteur des exigences du football\u00a0moderne.<\/p>\t\t\t\t\t\t\t\t<\/div>\n\t\t\t\t<\/div>\n\t\t\t\t<div class=\"elementor-element elementor-element-e638e16 elementor-widget elementor-widget-button\" data-id=\"e638e16\" data-element_type=\"widget\" data-widget_type=\"button.default\">\n\t\t\t\t<div class=\"elementor-widget-container\">\n\t\t\t\t\t\t\t\t\t<div class=\"elementor-button-wrapper\">\n\t\t\t\t\t<a class=\"elementor-button elementor-button-link elementor-size-sm\" href=\"https:\/\/him-management.eu\/en\/agence\/\">\n\t\t\t\t\t\t<span class=\"elementor-button-content-wrapper\">\n\t\t\t\t\t\t\t\t\t<span class=\"elementor-button-text\">d\u00e9couvrir l'agence<\/span>\n\t\t\t\t\t<\/span>\n\t\t\t\t\t<\/a>\n\t\t\t\t<\/div>\n\t\t\t\t\t\t\t\t<\/div>\n\t\t\t\t<\/div>\n\t\t\t\t<\/div>\n\t\t\t\t<\/div>\n\t\t\t\t\t<\/div>\n\t\t\t\t<\/div>\n\t\t<div class=\"elementor-element elementor-element-06d4faa e-flex e-con-boxed e-con e-parent\" data-id=\"06d4faa\" data-element_type=\"container\" data-settings=\"{&quot;background_background&quot;:&quot;classic&quot;}\">\n\t\t\t\t\t<div class=\"e-con-inner\">\n\t\t\t\t<div class=\"elementor-element elementor-element-89ddb54 elementor-widget elementor-widget-heading\" data-id=\"89ddb54\" data-element_type=\"widget\" data-widget_type=\"heading.default\">\n\t\t\t\t<div class=\"elementor-widget-container\">\n\t\t\t\t\t<h2 class=\"elementor-heading-title elementor-size-default\">Nos services<\/h2>\t\t\t\t<\/div>\n\t\t\t\t<\/div>\n\t\t\t\t<div class=\"elementor-element elementor-element-d7ca69f elementor-widget-divider--view-line elementor-widget elementor-widget-divider\" data-id=\"d7ca69f\" data-element_type=\"widget\" data-widget_type=\"divider.default\">\n\t\t\t\t<div class=\"elementor-widget-container\">\n\t\t\t\t\t\t\t<div class=\"elementor-divider\">\n\t\t\t<span class=\"elementor-divider-separator\">\n\t\t\t\t\t\t<\/span>\n\t\t<\/div>\n\t\t\t\t\t\t<\/div>\n\t\t\t\t<\/div>\n\t\t\t\t\t<\/div>\n\t\t\t\t<\/div>\n\t\t<div class=\"elementor-element elementor-element-27d82cd e-flex e-con-boxed e-con e-parent\" data-id=\"27d82cd\" data-element_type=\"container\" data-settings=\"{&quot;background_background&quot;:&quot;classic&quot;}\">\n\t\t\t\t\t<div class=\"e-con-inner\">\n\t\t<div class=\"elementor-element elementor-element-376e56f e-con-full e-flex e-con e-child\" data-id=\"376e56f\" data-element_type=\"container\">\n\t\t\t\t<div class=\"elementor-element elementor-element-0578809 elementor-position-top elementor-widget elementor-widget-image-box\" data-id=\"0578809\" data-element_type=\"widget\" data-widget_type=\"image-box.default\">\n\t\t\t\t<div class=\"elementor-widget-container\">\n\t\t\t\t\t<div class=\"elementor-image-box-wrapper\"><figure class=\"elementor-image-box-img\"><img decoding=\"async\" src=\"https:\/\/him-management.eu\/wp-content\/uploads\/elementor\/thumbs\/Accompagnement-sportif-HIM-rcqlse9g0he4p89cwc5j27o13dadbubkkt8vazsjw8.jpeg\" title=\"Accompagnement sportif HIM\" alt=\"Accompagnement sportif HIM\" loading=\"lazy\" \/><\/figure><div class=\"elementor-image-box-content\"><h3 class=\"elementor-image-box-title\">Accompagnement sportif<\/h3><\/div><\/div>\t\t\t\t<\/div>\n\t\t\t\t<\/div>\n\t\t\t\t<\/div>\n\t\t<div class=\"elementor-element elementor-element-3f4a0c5 e-con-full e-flex e-con e-child\" data-id=\"3f4a0c5\" data-element_type=\"container\">\n\t\t\t\t<div class=\"elementor-element elementor-element-4010e79 elementor-position-top elementor-widget elementor-widget-image-box\" data-id=\"4010e79\" data-element_type=\"widget\" data-widget_type=\"image-box.default\">\n\t\t\t\t<div class=\"elementor-widget-container\">\n\t\t\t\t\t<div class=\"elementor-image-box-wrapper\"><figure class=\"elementor-image-box-img\"><img decoding=\"async\" src=\"https:\/\/him-management.eu\/wp-content\/uploads\/elementor\/thumbs\/Communication-HD-rcqob7g4a9ped0coml9yyap75hoyz4u0ea7mfd5arc.png\" title=\"Communication HD\" alt=\"Communication HD\" loading=\"lazy\" \/><\/figure><div class=\"elementor-image-box-content\"><h3 class=\"elementor-image-box-title\">Gestion d'image et communication<\/h3><\/div><\/div>\t\t\t\t<\/div>\n\t\t\t\t<\/div>\n\t\t\t\t<\/div>\n\t\t<div class=\"elementor-element elementor-element-0f25f9b e-con-full e-flex e-con e-child\" data-id=\"0f25f9b\" data-element_type=\"container\">\n\t\t\t\t<div class=\"elementor-element elementor-element-b6d4aca elementor-position-top elementor-widget elementor-widget-image-box\" data-id=\"b6d4aca\" data-element_type=\"widget\" data-widget_type=\"image-box.default\">\n\t\t\t\t<div class=\"elementor-widget-container\">\n\t\t\t\t\t<div class=\"elementor-image-box-wrapper\"><figure class=\"elementor-image-box-img\"><img decoding=\"async\" src=\"https:\/\/him-management.eu\/wp-content\/uploads\/elementor\/thumbs\/Gestion-Financiere-HIM-rcqm4m5wuy4bmqidjmaxh4nr3p25e6ty9ak3whob08.png\" title=\"Gestion Financi\u00e8re HIM\" alt=\"Gestion Financi\u00e8re HIM\" loading=\"lazy\" \/><\/figure><div class=\"elementor-image-box-content\"><h3 class=\"elementor-image-box-title\">Gestion financi\u00e8re<\/h3><\/div><\/div>\t\t\t\t<\/div>\n\t\t\t\t<\/div>\n\t\t\t\t<\/div>\n\t\t<div class=\"elementor-element elementor-element-1ea58df e-con-full e-flex e-con e-child\" data-id=\"1ea58df\" data-element_type=\"container\">\n\t\t\t\t<div class=\"elementor-element elementor-element-030e31c elementor-position-top elementor-widget elementor-widget-image-box\" data-id=\"030e31c\" data-element_type=\"widget\" data-widget_type=\"image-box.default\">\n\t\t\t\t<div class=\"elementor-widget-container\">\n\t\t\t\t\t<div class=\"elementor-image-box-wrapper\"><figure class=\"elementor-image-box-img\"><img decoding=\"async\" src=\"https:\/\/him-management.eu\/wp-content\/uploads\/elementor\/thumbs\/Bien-etre-HIM-rcqm8bmztf71fd4hw7zyb6z7ges9r7ju3n721s6ego.png\" title=\"Bien \u00eatre HIM\" alt=\"Bien \u00eatre HIM\" loading=\"lazy\" \/><\/figure><div class=\"elementor-image-box-content\"><h3 class=\"elementor-image-box-title\">Bien-\u00eatre global<\/h3><\/div><\/div>\t\t\t\t<\/div>\n\t\t\t\t<\/div>\n\t\t\t\t<\/div>\n\t\t\t\t\t<\/div>\n\t\t\t\t<\/div>\n\t\t<div class=\"elementor-element elementor-element-2758d90 e-flex e-con-boxed e-con e-parent\" data-id=\"2758d90\" data-element_type=\"container\" data-settings=\"{&quot;background_background&quot;:&quot;classic&quot;}\">\n\t\t\t\t\t<div class=\"e-con-inner\">\n\t\t\t\t<div class=\"elementor-element elementor-element-1f14bdf elementor-widget elementor-widget-button\" data-id=\"1f14bdf\" data-element_type=\"widget\" data-widget_type=\"button.default\">\n\t\t\t\t<div class=\"elementor-widget-container\">\n\t\t\t\t\t\t\t\t\t<div class=\"elementor-button-wrapper\">\n\t\t\t\t\t<a class=\"elementor-button elementor-button-link elementor-size-sm\" href=\"https:\/\/him-management.eu\/en\/nos-services\/\">\n\t\t\t\t\t\t<span class=\"elementor-button-content-wrapper\">\n\t\t\t\t\t\t\t\t\t<span class=\"elementor-button-text\">d\u00e9couvrir nos services<\/span>\n\t\t\t\t\t<\/span>\n\t\t\t\t\t<\/a>\n\t\t\t\t<\/div>\n\t\t\t\t\t\t\t\t<\/div>\n\t\t\t\t<\/div>\n\t\t\t\t\t<\/div>\n\t\t\t\t<\/div>\n\t\t\t\t<\/div>","protected":false},"excerpt":{"rendered":"<p>R\u00e9v\u00e9lez votre talent. Ecrivez votre h\u00e9ritage. Heritage international management H\u00e9ritage International Management, r\u00e9v\u00e9lateur de talents du football Chez H\u00e9ritage International Management, chaque joueur b\u00e9n\u00e9ficie d\u2019un accompagnement sur-mesure pour d\u00e9velopper son potentiel et r\u00e9ussir sa carri\u00e8re. Gr\u00e2ce \u00e0 notre r\u00e9seau international de clubs, partenaires et experts du football, nous assurons un d\u00e9veloppement adapt\u00e9 \u00e0 chaque profil, [&hellip;]<\/p>","protected":false},"author":1,"featured_media":0,"parent":0,"menu_order":0,"comment_status":"closed","ping_status":"closed","template":"","meta":{"_acf_changed":false,"footnotes":""},"class_list":["post-34","page","type-page","status-publish","hentry"],"acf":[],"aioseo_notices":[],"_links":{"self":[{"href":"https:\/\/him-management.eu\/en\/wp-json\/wp\/v2\/pages\/34","targetHints":{"allow":["GET"]}}],"collection":[{"href":"https:\/\/him-management.eu\/en\/wp-json\/wp\/v2\/pages"}],"about":[{"href":"https:\/\/him-management.eu\/en\/wp-json\/wp\/v2\/types\/page"}],"author":[{"embeddable":true,"href":"https:\/\/him-management.eu\/en\/wp-json\/wp\/v2\/users\/1"}],"replies":[{"embeddable":true,"href":"https:\/\/him-management.eu\/en\/wp-json\/wp\/v2\/comments?post=34"}],"version-history":[{"count":55,"href":"https:\/\/him-management.eu\/en\/wp-json\/wp\/v2\/pages\/34\/revisions"}],"predecessor-version":[{"id":483,"href":"https:\/\/him-management.eu\/en\/wp-json\/wp\/v2\/pages\/34\/revisions\/483"}],"wp:attachment":[{"href":"https:\/\/him-management.eu\/en\/wp-json\/wp\/v2\/media?parent=34"}],"curies":[{"name":"wp","href":"https:\/\/api.w.org\/{rel}","templated":true}]}}